{"id":67,"date":"2024-01-18T18:40:55","date_gmt":"2024-01-18T18:40:55","guid":{"rendered":"https:\/\/www.stasiowka.pl\/?page_id=67"},"modified":"2024-10-27T16:04:52","modified_gmt":"2024-10-27T16:04:52","slug":"kontakt","status":"publish","type":"page","link":"https:\/\/www.stasiowka.pl\/?page_id=67","title":{"rendered":"KONTAKT"},"content":{"rendered":"\t\t<div data-elementor-type=\"wp-page\" data-elementor-id=\"67\" class=\"elementor elementor-67\">\n\t\t\t\t<div class=\"elementor-element elementor-element-2eb17a8 e-flex e-con-boxed e-con e-parent\" data-id=\"2eb17a8\" data-element_type=\"container\" data-e-type=\"container\">\n\t\t\t\t\t<div class=\"e-con-inner\">\n\t\t\t\t<div class=\"elementor-element elementor-element-b8c9697 elementor-widget elementor-widget-text-editor\" data-id=\"b8c9697\" data-element_type=\"widget\" data-e-type=\"widget\" data-widget_type=\"text-editor.default\">\n\t\t\t\t<div class=\"elementor-widget-container\">\n\t\t\t\t\t\t\t\t\t<p><span style=\"color: #000000; font-size: 28px;\"><strong>Parafia \u015bw. Aposto\u0142\u00f3w Piotra i Paw\u0142a<\/strong><\/span><br><span style=\"color: #000000; font-size: 20px;\">Stasi\u00f3wka 138A, 39-200 D\u0119bica<\/span><\/p>\t\t\t\t\t\t\t\t<\/div>\n\t\t\t\t<\/div>\n\t\t\t\t\t<\/div>\n\t\t\t\t<\/div>\n\t\t<div class=\"elementor-element elementor-element-f730a4c e-flex e-con-boxed e-con e-parent\" data-id=\"f730a4c\" data-element_type=\"container\" data-e-type=\"container\">\n\t\t\t\t\t<div class=\"e-con-inner\">\n\t\t\t\t<div class=\"elementor-element elementor-element-0ab6637 elementor-widget-divider--view-line elementor-widget elementor-widget-divider\" data-id=\"0ab6637\" data-element_type=\"widget\" data-e-type=\"widget\" data-widget_type=\"divider.default\">\n\t\t\t\t<div class=\"elementor-widget-container\">\n\t\t\t\t\t\t\t<div class=\"elementor-divider\">\n\t\t\t<span class=\"elementor-divider-separator\">\n\t\t\t\t\t\t<\/span>\n\t\t<\/div>\n\t\t\t\t\t\t<\/div>\n\t\t\t\t<\/div>\n\t\t\t\t\t<\/div>\n\t\t\t\t<\/div>\n\t\t<div class=\"elementor-element elementor-element-0b4d22b e-flex e-con-boxed e-con e-parent\" data-id=\"0b4d22b\" data-element_type=\"container\" data-e-type=\"container\">\n\t\t\t\t\t<div class=\"e-con-inner\">\n\t\t<div class=\"elementor-element elementor-element-a55c5f5 e-con-full e-flex e-con e-child\" data-id=\"a55c5f5\" data-element_type=\"container\" data-e-type=\"container\">\n\t\t\t\t<div class=\"elementor-element elementor-element-e170953 elementor-widget elementor-widget-image\" data-id=\"e170953\" data-element_type=\"widget\" data-e-type=\"widget\" data-widget_type=\"image.default\">\n\t\t\t\t<div class=\"elementor-widget-container\">\n\t\t\t\t\t\t\t\t\t\t\t\t\t\t\t<img decoding=\"async\" src=\"https:\/\/www.stasiowka.pl\/wp-content\/uploads\/elementor\/thumbs\/pngtree-phone-icon-isolated-on-abstract-background-png-image_2001593-r34rwv4ec1l12wgx94ibvsjhik9vqzxjqtkiu31zwi.jpg\" title=\"pngtree-phone-icon-isolated-on-abstract-background-png-image_2001593\" alt=\"pngtree-phone-icon-isolated-on-abstract-background-png-image_2001593\" loading=\"lazy\" \/>\t\t\t\t\t\t\t\t\t\t\t\t\t\t\t<\/div>\n\t\t\t\t<\/div>\n\t\t\t\t<\/div>\n\t\t<div class=\"elementor-element elementor-element-c9fb42c e-con-full e-flex e-con e-child\" data-id=\"c9fb42c\" data-element_type=\"container\" data-e-type=\"container\">\n\t\t\t\t<div class=\"elementor-element elementor-element-376da92 elementor-widget elementor-widget-text-editor\" data-id=\"376da92\" data-element_type=\"widget\" data-e-type=\"widget\" data-widget_type=\"text-editor.default\">\n\t\t\t\t<div class=\"elementor-widget-container\">\n\t\t\t\t\t\t\t\t\t<h3><span style=\"color: #000000;\">+48 14 676 32 78<\/span><\/h3>\t\t\t\t\t\t\t\t<\/div>\n\t\t\t\t<\/div>\n\t\t\t\t<\/div>\n\t\t\t\t\t<\/div>\n\t\t\t\t<\/div>\n\t\t<div class=\"elementor-element elementor-element-1537d01 e-flex e-con-boxed e-con e-parent\" data-id=\"1537d01\" data-element_type=\"container\" data-e-type=\"container\">\n\t\t\t\t\t<div class=\"e-con-inner\">\n\t\t<div class=\"elementor-element elementor-element-6b46157 e-con-full e-flex e-con e-child\" data-id=\"6b46157\" data-element_type=\"container\" data-e-type=\"container\">\n\t\t\t\t<div class=\"elementor-element elementor-element-d5cc435 elementor-widget elementor-widget-image\" data-id=\"d5cc435\" data-element_type=\"widget\" data-e-type=\"widget\" data-widget_type=\"image.default\">\n\t\t\t\t<div class=\"elementor-widget-container\">\n\t\t\t\t\t\t\t\t\t\t\t\t\t\t\t<img decoding=\"async\" src=\"https:\/\/www.stasiowka.pl\/wp-content\/uploads\/elementor\/thumbs\/obraz_2021-04-18_162911-r34rwv4ec1l12wgx94ibvsjhik9vqzxjqtkiu31zwi.png\" title=\"obraz_2021-04-18_162911\" alt=\"obraz_2021-04-18_162911\" loading=\"lazy\" \/>\t\t\t\t\t\t\t\t\t\t\t\t\t\t\t<\/div>\n\t\t\t\t<\/div>\n\t\t\t\t<\/div>\n\t\t<div class=\"elementor-element elementor-element-786eab8 e-con-full e-flex e-con e-child\" data-id=\"786eab8\" data-element_type=\"container\" data-e-type=\"container\">\n\t\t\t\t<div class=\"elementor-element elementor-element-41a0f5d elementor-widget elementor-widget-text-editor\" data-id=\"41a0f5d\" data-element_type=\"widget\" data-e-type=\"widget\" data-widget_type=\"text-editor.default\">\n\t\t\t\t<div class=\"elementor-widget-container\">\n\t\t\t\t\t\t\t\t\t<h3><span style=\"color: #000000;\">stasiowka@diecezja.tarnow.pl<\/span><\/h3>\t\t\t\t\t\t\t\t<\/div>\n\t\t\t\t<\/div>\n\t\t\t\t<\/div>\n\t\t\t\t\t<\/div>\n\t\t\t\t<\/div>\n\t\t<div class=\"elementor-element elementor-element-e0746e1 e-flex e-con-boxed e-con e-parent\" data-id=\"e0746e1\" data-element_type=\"container\" data-e-type=\"container\">\n\t\t\t\t\t<div class=\"e-con-inner\">\n\t\t<div class=\"elementor-element elementor-element-56b59a8 e-con-full e-flex e-con e-child\" data-id=\"56b59a8\" data-element_type=\"container\" data-e-type=\"container\">\n\t\t\t\t<div class=\"elementor-element elementor-element-679a57a elementor-widget elementor-widget-image\" data-id=\"679a57a\" data-element_type=\"widget\" data-e-type=\"widget\" data-widget_type=\"image.default\">\n\t\t\t\t<div class=\"elementor-widget-container\">\n\t\t\t\t\t\t\t\t\t\t\t\t\t\t\t<img decoding=\"async\" src=\"https:\/\/www.stasiowka.pl\/wp-content\/uploads\/elementor\/thumbs\/Avatar-kolor-r34rwv4ec1l12wgx94ibvsjhik9vqzxjqtkiu31zwi.png\" title=\"Avatar-kolor\" alt=\"Avatar-kolor\" loading=\"lazy\" \/>\t\t\t\t\t\t\t\t\t\t\t\t\t\t\t<\/div>\n\t\t\t\t<\/div>\n\t\t\t\t<\/div>\n\t\t<div class=\"elementor-element elementor-element-1bdfd65 e-con-full e-flex e-con e-child\" data-id=\"1bdfd65\" data-element_type=\"container\" data-e-type=\"container\">\n\t\t\t\t<div class=\"elementor-element elementor-element-4e987a9 elementor-widget elementor-widget-text-editor\" data-id=\"4e987a9\" data-element_type=\"widget\" data-e-type=\"widget\" data-widget_type=\"text-editor.default\">\n\t\t\t\t<div class=\"elementor-widget-container\">\n\t\t\t\t\t\t\t\t\t<h3><span style=\"color: #000000;\">Proboszcz: ks. mgr Henryk Ko\u0142odziej<\/span><\/h3>\t\t\t\t\t\t\t\t<\/div>\n\t\t\t\t<\/div>\n\t\t\t\t<\/div>\n\t\t\t\t\t<\/div>\n\t\t\t\t<\/div>\n\t\t<div class=\"elementor-element elementor-element-31d8e40 e-flex e-con-boxed e-con e-parent\" data-id=\"31d8e40\" data-element_type=\"container\" data-e-type=\"container\">\n\t\t\t\t\t<div class=\"e-con-inner\">\n\t\t\t\t<div class=\"elementor-element elementor-element-7bc0e43 elementor-widget-divider--view-line elementor-widget elementor-widget-divider\" data-id=\"7bc0e43\" data-element_type=\"widget\" data-e-type=\"widget\" data-widget_type=\"divider.default\">\n\t\t\t\t<div class=\"elementor-widget-container\">\n\t\t\t\t\t\t\t<div class=\"elementor-divider\">\n\t\t\t<span class=\"elementor-divider-separator\">\n\t\t\t\t\t\t<\/span>\n\t\t<\/div>\n\t\t\t\t\t\t<\/div>\n\t\t\t\t<\/div>\n\t\t\t\t\t<\/div>\n\t\t\t\t<\/div>\n\t\t<div class=\"elementor-element elementor-element-28a9969a e-flex e-con-boxed e-con e-parent\" data-id=\"28a9969a\" data-element_type=\"container\" data-e-type=\"container\">\n\t\t\t\t\t<div class=\"e-con-inner\">\n\t\t\t\t<div class=\"elementor-element elementor-element-5a7899ee elementor-widget elementor-widget-text-editor\" data-id=\"5a7899ee\" data-element_type=\"widget\" data-e-type=\"widget\" data-widget_type=\"text-editor.default\">\n\t\t\t\t<div class=\"elementor-widget-container\">\n\t\t\t\t\t\t\t\t\t<div><strong><span style=\"color: #000000; font-size: 20px;\">KONTO PARAFII<\/span><\/strong><\/div><div><span style=\"color: #000000; font-size: 20px;\"><strong>BANK PEKAO SA:<\/strong>\u00a074 1240 4807 1111 0000 5528 0457<\/span><\/div><div>\u00a0<\/div><div style=\"text-align: center;\"><span style=\"color: #000000; font-size: 20px;\"><strong>Kancelaria parafialna czynna w dni powszednie po Mszy \u015aw.<\/strong><\/span><\/div><div style=\"text-align: center;\"><span style=\"color: #000000; font-size: 20px;\">W sprawach pilnych &#8211; pogrzeb, pos\u0142uga u chorego &#8211; o ka\u017cdej porze.<\/span><\/div><div style=\"text-align: center;\"><span style=\"color: #000000; font-size: 20px;\"><em>W sprawach ma\u0142\u017ce\u0144skich prosz\u0119 wcze\u015bniej o kontakt telefoniczny lub mailowy.<\/em><\/span><\/div><p><style>\/*! elementor - v3.18.0 - 20-12-2023 *\/<br \/>.elementor-widget-google_maps .elementor-widget-container{overflow:hidden}.elementor-widget-google_maps .elementor-custom-embed{line-height:0}.elementor-widget-google_maps iframe{height:300px}<\/style><\/p>\t\t\t\t\t\t\t\t<\/div>\n\t\t\t\t<\/div>\n\t\t\t\t\t<\/div>\n\t\t\t\t<\/div>\n\t\t<div class=\"elementor-element elementor-element-d9061f2 e-flex e-con-boxed e-con e-parent\" data-id=\"d9061f2\" data-element_type=\"container\" data-e-type=\"container\">\n\t\t\t\t\t<div class=\"e-con-inner\">\n\t\t\t\t<div class=\"elementor-element elementor-element-4709209 elementor-widget-divider--view-line elementor-widget elementor-widget-divider\" data-id=\"4709209\" data-element_type=\"widget\" data-e-type=\"widget\" data-widget_type=\"divider.default\">\n\t\t\t\t<div class=\"elementor-widget-container\">\n\t\t\t\t\t\t\t<div class=\"elementor-divider\">\n\t\t\t<span class=\"elementor-divider-separator\">\n\t\t\t\t\t\t<\/span>\n\t\t<\/div>\n\t\t\t\t\t\t<\/div>\n\t\t\t\t<\/div>\n\t\t\t\t\t<\/div>\n\t\t\t\t<\/div>\n\t\t<div class=\"elementor-element elementor-element-8e10c50 e-flex e-con-boxed e-con e-parent\" data-id=\"8e10c50\" data-element_type=\"container\" data-e-type=\"container\">\n\t\t\t\t\t<div class=\"e-con-inner\">\n\t\t\t\t<div class=\"elementor-element elementor-element-37b08e3 elementor-widget elementor-widget-google_maps\" data-id=\"37b08e3\" data-element_type=\"widget\" data-e-type=\"widget\" data-widget_type=\"google_maps.default\">\n\t\t\t\t<div class=\"elementor-widget-container\">\n\t\t\t\t\t\t\t<div class=\"elementor-custom-embed\">\n\t\t\t<iframe loading=\"lazy\"\n\t\t\t\t\tsrc=\"https:\/\/maps.google.com\/maps?q=Stasi%C3%B3wka%20138a&#038;t=m&#038;z=16&#038;output=embed&#038;iwloc=near\"\n\t\t\t\t\ttitle=\"Stasi\u00f3wka 138a\"\n\t\t\t\t\taria-label=\"Stasi\u00f3wka 138a\"\n\t\t\t><\/iframe>\n\t\t<\/div>\n\t\t\t\t\t\t<\/div>\n\t\t\t\t<\/div>\n\t\t\t\t\t<\/div>\n\t\t\t\t<\/div>\n\t\t\t\t<\/div>\n\t\t","protected":false},"excerpt":{"rendered":"<p>Parafia \u015bw. Aposto\u0142\u00f3w Piotra i Paw\u0142aStasi\u00f3wka 138A, 39-200 D\u0119bica +48 14 676 32 78 stasiowka@diecezja.tarnow.pl Proboszcz: ks. mgr Henryk Ko\u0142odziej KONTO PARAFIIBANK PEKAO SA:\u00a074 1240 4807 1111 0000 5528 0457\u00a0Kancelaria parafialna czynna w dni powszednie po Mszy \u015aw.W sprawach pilnych &#8211; pogrzeb, pos\u0142uga u chorego &#8211; o ka\u017cdej porze.W sprawach ma\u0142\u017ce\u0144skich prosz\u0119 wcze\u015bniej o kontakt &hellip; <\/p>\n<p><a class=\"more-link btn\" href=\"https:\/\/www.stasiowka.pl\/?page_id=67\">Czytaj dalej<\/a><\/p>\n","protected":false},"author":1,"featured_media":0,"parent":0,"menu_order":0,"comment_status":"closed","ping_status":"closed","template":"","meta":{"ngg_post_thumbnail":0,"footnotes":""},"class_list":["post-67","page","type-page","status-publish","hentry","nodate","item-wrap"],"_links":{"self":[{"href":"https:\/\/www.stasiowka.pl\/index.php?rest_route=\/wp\/v2\/pages\/67","targetHints":{"allow":["GET"]}}],"collection":[{"href":"https:\/\/www.stasiowka.pl\/index.php?rest_route=\/wp\/v2\/pages"}],"about":[{"href":"https:\/\/www.stasiowka.pl\/index.php?rest_route=\/wp\/v2\/types\/page"}],"author":[{"embeddable":true,"href":"https:\/\/www.stasiowka.pl\/index.php?rest_route=\/wp\/v2\/users\/1"}],"replies":[{"embeddable":true,"href":"https:\/\/www.stasiowka.pl\/index.php?rest_route=%2Fwp%2Fv2%2Fcomments&post=67"}],"version-history":[{"count":14,"href":"https:\/\/www.stasiowka.pl\/index.php?rest_route=\/wp\/v2\/pages\/67\/revisions"}],"predecessor-version":[{"id":2927,"href":"https:\/\/www.stasiowka.pl\/index.php?rest_route=\/wp\/v2\/pages\/67\/revisions\/2927"}],"wp:attachment":[{"href":"https:\/\/www.stasiowka.pl\/index.php?rest_route=%2Fwp%2Fv2%2Fmedia&parent=67"}],"curies":[{"name":"wp","href":"https:\/\/api.w.org\/{rel}","templated":true}]}}