{"id":42,"date":"2024-01-18T18:37:31","date_gmt":"2024-01-18T18:37:31","guid":{"rendered":"https:\/\/www.stasiowka.pl\/?page_id=42"},"modified":"2024-01-20T17:01:35","modified_gmt":"2024-01-20T17:01:35","slug":"faustinum","status":"publish","type":"page","link":"https:\/\/www.stasiowka.pl\/?page_id=42","title":{"rendered":"FAUSTINUM"},"content":{"rendered":"\t\t<div data-elementor-type=\"wp-page\" data-elementor-id=\"42\" class=\"elementor elementor-42\">\n\t\t\t\t<div class=\"elementor-element elementor-element-a47c910 e-flex e-con-boxed e-con e-parent\" data-id=\"a47c910\" data-element_type=\"container\" data-e-type=\"container\">\n\t\t\t\t\t<div class=\"e-con-inner\">\n\t\t<div class=\"elementor-element elementor-element-9562304 e-con-full e-flex e-con e-child\" data-id=\"9562304\" data-element_type=\"container\" data-e-type=\"container\">\n\t\t\t\t<div class=\"elementor-element elementor-element-c955b5c elementor-widget elementor-widget-image\" data-id=\"c955b5c\" data-element_type=\"widget\" data-e-type=\"widget\" data-widget_type=\"image.default\">\n\t\t\t\t<div class=\"elementor-widget-container\">\n\t\t\t\t\t\t\t\t\t\t\t\t\t\t\t<img fetchpriority=\"high\" decoding=\"async\" width=\"381\" height=\"599\" src=\"https:\/\/www.stasiowka.pl\/wp-content\/uploads\/2024\/01\/jezus_milosierny.jpg\" class=\"attachment-large size-large wp-image-758\" alt=\"\" srcset=\"https:\/\/www.stasiowka.pl\/wp-content\/uploads\/2024\/01\/jezus_milosierny.jpg 381w, https:\/\/www.stasiowka.pl\/wp-content\/uploads\/2024\/01\/jezus_milosierny-191x300.jpg 191w\" sizes=\"(max-width: 381px) 100vw, 381px\" \/>\t\t\t\t\t\t\t\t\t\t\t\t\t\t\t<\/div>\n\t\t\t\t<\/div>\n\t\t\t\t<\/div>\n\t\t<div class=\"elementor-element elementor-element-b85ab31 e-con-full e-flex e-con e-child\" data-id=\"b85ab31\" data-element_type=\"container\" data-e-type=\"container\">\n\t\t\t\t<div class=\"elementor-element elementor-element-8c2ad73 elementor-widget elementor-widget-text-editor\" data-id=\"8c2ad73\" data-element_type=\"widget\" data-e-type=\"widget\" data-widget_type=\"text-editor.default\">\n\t\t\t\t<div class=\"elementor-widget-container\">\n\t\t\t\t\t\t\t\t\t<p style=\"text-align: justify;\"><span style=\"color: #000000;\">Wsp\u00f3lnota wyrasta z charyzmatu \u015bw. Siostry Faustyny, z jej duchowo\u015bci i dzia\u0142alno\u015bci apostolskiej. \u0141\u0105czy kap\u0142an\u00f3w, osoby konsekrowane i \u015bwieckie, niepe\u0142noletnie, kt\u00f3re pragn\u0105 s\u0142u\u017cy\u0107 or\u0119dziu Mi\u0142osierdzia Bo\u017cego. Osoby, kt\u00f3re pragn\u0105 nale\u017ce\u0107 do wsp\u00f3lnoty zobowi\u0105zuj\u0105 si\u0119:- w miar\u0119 mo\u017cliwo\u015bci poznawa\u0107 tajemnic\u0119 mi\u0142osierdzia Bo\u017cego i troszczy\u0107 si\u0119 o postaw\u0119 ufno\u015bci przez pe\u0142nienie woli Bo\u017cej zawartej w przykazaniach i obowi\u0105zkach stanu- odmawia\u0107 koronk\u0119 do Bo\u017cego Mi\u0142osierdzia- spe\u0142nia\u0107 w ci\u0105gu dnia przynajmniej jeden akt mi\u0142osierdzia z mi\u0142o\u015bci do Jezusa przez czyn, s\u0142owo lub modlitw\u0119.<\/span><\/p><p style=\"text-align: justify;\"><span style=\"color: #000000;\"><strong>Moderatorem wsp\u00f3lnoty w naszej parafii jest pan Adam Mat\u0142ok. <\/strong><strong>Wsp\u00f3lnota liczy 23 osoby i jest otwarta na przyj\u0119cie nowych cz\u0142onk\u00f3w.<\/strong><\/span><\/p>\t\t\t\t\t\t\t\t<\/div>\n\t\t\t\t<\/div>\n\t\t\t\t<\/div>\n\t\t\t\t\t<\/div>\n\t\t\t\t<\/div>\n\t\t\t\t<\/div>\n\t\t","protected":false},"excerpt":{"rendered":"<p>Wsp\u00f3lnota wyrasta z charyzmatu \u015bw. Siostry Faustyny, z jej duchowo\u015bci i dzia\u0142alno\u015bci apostolskiej. \u0141\u0105czy kap\u0142an\u00f3w, osoby konsekrowane i \u015bwieckie, niepe\u0142noletnie, kt\u00f3re pragn\u0105 s\u0142u\u017cy\u0107 or\u0119dziu Mi\u0142osierdzia Bo\u017cego. Osoby, kt\u00f3re pragn\u0105 nale\u017ce\u0107 do wsp\u00f3lnoty zobowi\u0105zuj\u0105 si\u0119:- w miar\u0119 mo\u017cliwo\u015bci poznawa\u0107 tajemnic\u0119 mi\u0142osierdzia Bo\u017cego i troszczy\u0107 si\u0119 o postaw\u0119 ufno\u015bci przez pe\u0142nienie woli Bo\u017cej zawartej w przykazaniach i &hellip; <\/p>\n<p><a class=\"more-link btn\" href=\"https:\/\/www.stasiowka.pl\/?page_id=42\">Czytaj dalej<\/a><\/p>\n","protected":false},"author":1,"featured_media":0,"parent":0,"menu_order":0,"comment_status":"closed","ping_status":"closed","template":"","meta":{"ngg_post_thumbnail":0,"footnotes":""},"class_list":["post-42","page","type-page","status-publish","hentry","nodate","item-wrap"],"_links":{"self":[{"href":"https:\/\/www.stasiowka.pl\/index.php?rest_route=\/wp\/v2\/pages\/42","targetHints":{"allow":["GET"]}}],"collection":[{"href":"https:\/\/www.stasiowka.pl\/index.php?rest_route=\/wp\/v2\/pages"}],"about":[{"href":"https:\/\/www.stasiowka.pl\/index.php?rest_route=\/wp\/v2\/types\/page"}],"author":[{"embeddable":true,"href":"https:\/\/www.stasiowka.pl\/index.php?rest_route=\/wp\/v2\/users\/1"}],"replies":[{"embeddable":true,"href":"https:\/\/www.stasiowka.pl\/index.php?rest_route=%2Fwp%2Fv2%2Fcomments&post=42"}],"version-history":[{"count":5,"href":"https:\/\/www.stasiowka.pl\/index.php?rest_route=\/wp\/v2\/pages\/42\/revisions"}],"predecessor-version":[{"id":761,"href":"https:\/\/www.stasiowka.pl\/index.php?rest_route=\/wp\/v2\/pages\/42\/revisions\/761"}],"wp:attachment":[{"href":"https:\/\/www.stasiowka.pl\/index.php?rest_route=%2Fwp%2Fv2%2Fmedia&parent=42"}],"curies":[{"name":"wp","href":"https:\/\/api.w.org\/{rel}","templated":true}]}}