{"id":2751,"date":"2024-08-02T13:40:50","date_gmt":"2024-08-02T13:40:50","guid":{"rendered":"https:\/\/www.stasiowka.pl\/?page_id=2751"},"modified":"2024-08-02T13:47:30","modified_gmt":"2024-08-02T13:47:30","slug":"ochrona-maloletnich","status":"publish","type":"page","link":"https:\/\/www.stasiowka.pl\/?page_id=2751","title":{"rendered":"OCHRONA MA\u0141OLETNICH"},"content":{"rendered":"\t\t<div data-elementor-type=\"wp-page\" data-elementor-id=\"2751\" class=\"elementor elementor-2751\">\n\t\t\t\t<div class=\"elementor-element elementor-element-7735158 e-flex e-con-boxed e-con e-parent\" data-id=\"7735158\" data-element_type=\"container\" data-e-type=\"container\">\n\t\t\t\t\t<div class=\"e-con-inner\">\n\t\t\t\t<div class=\"elementor-element elementor-element-78ff011 elementor-widget elementor-widget-text-editor\" data-id=\"78ff011\" data-element_type=\"widget\" data-e-type=\"widget\" data-widget_type=\"text-editor.default\">\n\t\t\t\t<div class=\"elementor-widget-container\">\n\t\t\t\t\t\t\t\t\t<p style=\"text-align: justify;\"><span style=\"color: #000000;\"><b>Standardy ochrony dzieci<\/b> \u00a0to zbi\u00f3r zasad obejmuj\u0105cych r\u00f3\u017cne obszary: kontakt fizyczny z dzieckiem, zatrudnia nie pracownik\u00f3w, procedury interwencji, kt\u00f3re pomagaj\u0105 tworzy\u0107 bezpieczne i przyjazne \u015brodowisko w instytucjach dzia\u0142aj\u0105cych na rzecz <b>dzieci<\/b>.<\/span><\/p>\t\t\t\t\t\t\t\t<\/div>\n\t\t\t\t<\/div>\n\t\t\t\t\t<\/div>\n\t\t\t\t<\/div>\n\t\t<div class=\"elementor-element elementor-element-58647cd e-flex e-con-boxed e-con e-parent\" data-id=\"58647cd\" data-element_type=\"container\" data-e-type=\"container\">\n\t\t\t\t\t<div class=\"e-con-inner\">\n\t\t\t\t<div class=\"elementor-element elementor-element-61d0044 elementor-align-center elementor-widget elementor-widget-button\" data-id=\"61d0044\" data-element_type=\"widget\" data-e-type=\"widget\" data-widget_type=\"button.default\">\n\t\t\t\t<div class=\"elementor-widget-container\">\n\t\t\t\t\t\t\t\t\t<div class=\"elementor-button-wrapper\">\n\t\t\t\t\t<a class=\"elementor-button elementor-button-link elementor-size-sm\" href=\"https:\/\/drive.google.com\/file\/d\/1ZSQ8_jyvxL74fUnfRZhAutAPCky0TJbo\/view?usp=sharing\">\n\t\t\t\t\t\t<span class=\"elementor-button-content-wrapper\">\n\t\t\t\t\t\t\t\t\t<span class=\"elementor-button-text\">STANDARDY OCHRONY DZIECI_PARAFIA STASI\u00d3WKA.pdf<\/span>\n\t\t\t\t\t<\/span>\n\t\t\t\t\t<\/a>\n\t\t\t\t<\/div>\n\t\t\t\t\t\t\t\t<\/div>\n\t\t\t\t<\/div>\n\t\t\t\t\t<\/div>\n\t\t\t\t<\/div>\n\t\t<div class=\"elementor-element elementor-element-23fc746 e-flex e-con-boxed e-con e-parent\" data-id=\"23fc746\" data-element_type=\"container\" data-e-type=\"container\">\n\t\t\t\t\t<div class=\"e-con-inner\">\n\t\t\t\t<div class=\"elementor-element elementor-element-fdaf58b elementor-align-center elementor-widget elementor-widget-button\" data-id=\"fdaf58b\" data-element_type=\"widget\" data-e-type=\"widget\" data-widget_type=\"button.default\">\n\t\t\t\t<div class=\"elementor-widget-container\">\n\t\t\t\t\t\t\t\t\t<div class=\"elementor-button-wrapper\">\n\t\t\t\t\t<a class=\"elementor-button elementor-button-link elementor-size-sm\" href=\"https:\/\/drive.google.com\/file\/d\/1I6x_nmiCTlgaWLA42blxu8P7qfOdccdE\/view?usp=sharing\">\n\t\t\t\t\t\t<span class=\"elementor-button-content-wrapper\">\n\t\t\t\t\t\t\t\t\t<span class=\"elementor-button-text\">ZESP\u00d3\u0141 DS PREWENCJI PARAFIA STASI\u00d3WKA.pdf<\/span>\n\t\t\t\t\t<\/span>\n\t\t\t\t\t<\/a>\n\t\t\t\t<\/div>\n\t\t\t\t\t\t\t\t<\/div>\n\t\t\t\t<\/div>\n\t\t\t\t\t<\/div>\n\t\t\t\t<\/div>\n\t\t<div class=\"elementor-element elementor-element-6f6726c e-flex e-con-boxed e-con e-parent\" data-id=\"6f6726c\" data-element_type=\"container\" data-e-type=\"container\">\n\t\t\t\t\t<div class=\"e-con-inner\">\n\t\t\t\t<div class=\"elementor-element elementor-element-25d60b6 elementor-widget elementor-widget-image\" data-id=\"25d60b6\" data-element_type=\"widget\" data-e-type=\"widget\" data-widget_type=\"image.default\">\n\t\t\t\t<div class=\"elementor-widget-container\">\n\t\t\t\t\t\t\t\t\t\t\t\t\t\t\t\t<a href=\"https:\/\/www.stasiowka.pl\/wp-content\/uploads\/2024\/08\/ochrona.jpg\" data-elementor-open-lightbox=\"yes\" data-elementor-lightbox-title=\"ochrona\" data-e-action-hash=\"#elementor-action%3Aaction%3Dlightbox%26settings%3DeyJpZCI6Mjc1MiwidXJsIjoiaHR0cHM6XC9cL3d3dy5zdGFzaW93a2EucGxcL3dwLWNvbnRlbnRcL3VwbG9hZHNcLzIwMjRcLzA4XC9vY2hyb25hLmpwZyJ9\">\n\t\t\t\t\t\t\t<img fetchpriority=\"high\" decoding=\"async\" width=\"847\" height=\"532\" src=\"https:\/\/www.stasiowka.pl\/wp-content\/uploads\/2024\/08\/ochrona-1024x643.jpg\" class=\"attachment-large size-large wp-image-2752\" alt=\"\" srcset=\"https:\/\/www.stasiowka.pl\/wp-content\/uploads\/2024\/08\/ochrona-1024x643.jpg 1024w, https:\/\/www.stasiowka.pl\/wp-content\/uploads\/2024\/08\/ochrona-300x188.jpg 300w, https:\/\/www.stasiowka.pl\/wp-content\/uploads\/2024\/08\/ochrona-768x482.jpg 768w, https:\/\/www.stasiowka.pl\/wp-content\/uploads\/2024\/08\/ochrona-1536x964.jpg 1536w, https:\/\/www.stasiowka.pl\/wp-content\/uploads\/2024\/08\/ochrona-847x531.jpg 847w, https:\/\/www.stasiowka.pl\/wp-content\/uploads\/2024\/08\/ochrona.jpg 2048w\" sizes=\"(max-width: 847px) 100vw, 847px\" \/>\t\t\t\t\t\t\t\t<\/a>\n\t\t\t\t\t\t\t\t\t\t\t\t\t\t\t<\/div>\n\t\t\t\t<\/div>\n\t\t\t\t\t<\/div>\n\t\t\t\t<\/div>\n\t\t\t\t<\/div>\n\t\t","protected":false},"excerpt":{"rendered":"<p>Standardy ochrony dzieci \u00a0to zbi\u00f3r zasad obejmuj\u0105cych r\u00f3\u017cne obszary: kontakt fizyczny z dzieckiem, zatrudnia nie pracownik\u00f3w, procedury interwencji, kt\u00f3re pomagaj\u0105 tworzy\u0107 bezpieczne i przyjazne \u015brodowisko w instytucjach dzia\u0142aj\u0105cych na rzecz dzieci. STANDARDY OCHRONY DZIECI_PARAFIA STASI\u00d3WKA.pdf ZESP\u00d3\u0141 DS PREWENCJI PARAFIA STASI\u00d3WKA.pdf<\/p>\n","protected":false},"author":1,"featured_media":0,"parent":0,"menu_order":0,"comment_status":"closed","ping_status":"closed","template":"","meta":{"ngg_post_thumbnail":0,"footnotes":""},"class_list":["post-2751","page","type-page","status-publish","hentry","nodate","item-wrap"],"_links":{"self":[{"href":"https:\/\/www.stasiowka.pl\/index.php?rest_route=\/wp\/v2\/pages\/2751","targetHints":{"allow":["GET"]}}],"collection":[{"href":"https:\/\/www.stasiowka.pl\/index.php?rest_route=\/wp\/v2\/pages"}],"about":[{"href":"https:\/\/www.stasiowka.pl\/index.php?rest_route=\/wp\/v2\/types\/page"}],"author":[{"embeddable":true,"href":"https:\/\/www.stasiowka.pl\/index.php?rest_route=\/wp\/v2\/users\/1"}],"replies":[{"embeddable":true,"href":"https:\/\/www.stasiowka.pl\/index.php?rest_route=%2Fwp%2Fv2%2Fcomments&post=2751"}],"version-history":[{"count":6,"href":"https:\/\/www.stasiowka.pl\/index.php?rest_route=\/wp\/v2\/pages\/2751\/revisions"}],"predecessor-version":[{"id":2758,"href":"https:\/\/www.stasiowka.pl\/index.php?rest_route=\/wp\/v2\/pages\/2751\/revisions\/2758"}],"wp:attachment":[{"href":"https:\/\/www.stasiowka.pl\/index.php?rest_route=%2Fwp%2Fv2%2Fmedia&parent=2751"}],"curies":[{"name":"wp","href":"https:\/\/api.w.org\/{rel}","templated":true}]}}