{"id":26,"date":"2024-01-18T18:35:40","date_gmt":"2024-01-18T18:35:40","guid":{"rendered":"https:\/\/www.stasiowka.pl\/?page_id=26"},"modified":"2024-10-25T16:28:26","modified_gmt":"2024-10-25T16:28:26","slug":"sakramenty","status":"publish","type":"page","link":"https:\/\/www.stasiowka.pl\/?page_id=26","title":{"rendered":"SAKRAMENTY"},"content":{"rendered":"<h1 class=\"post-title entry-title\"><img decoding=\"async\" class=\"alignnone size-full wp-image-803\" style=\"font-size: 16px;\" src=\"https:\/\/www.stasiowka.pl\/wp-content\/uploads\/2024\/01\/chrzest.png\" alt=\"\" width=\"250\" height=\"118\"><\/h1>\n<div class=\"entry-content clearfix\">\n<div style=\"text-align: justify;\"><strong>Chrzest \u015awi\u0119ty udzielany jest w ka\u017cd\u0105 niedziel\u0119 w czasie Mszy \u015bwi\u0119tej.&nbsp;<\/strong><\/div>\n<div style=\"text-align: justify;\">Pi\u0119tna\u015bcie minut wcze\u015bniej, chrzestni zg\u0142aszaj\u0105 si\u0119 do zakrystii w celu sprawdzenia dokument\u00f3w i z\u0142o\u017cenia podpis\u00f3w w ksi\u0119gach metrykalnych.<\/div>\n<div style=\"text-align: justify;\"><strong>Zg\u0142oszenie dziecka do chrztu odbywa si\u0119 w kancelarii parafialnej co najmniej tydzie\u0144 przed dat\u0105 chrztu. Przy zg\u0142oszeniu dziecka do chrztu, rodzice maj\u0105 obowi\u0105zek przed\u0142o\u017cy\u0107:<\/strong><\/div>\n<div style=\"text-align: justify;\">\n<ul>\n<li><strong>akt urodzenia dziecka z USC,<\/strong><\/li>\n<li><strong>dowody osobiste,<\/strong><\/li>\n<li><strong>\u015bwiadectwo zawarcia sakramentu ma\u0142\u017ce\u0144stwa \/wystarczaj\u0105cym dokumentem jest za\u015bwiadczenie o \u015blubie konkordatowym przekazanym przez ksi\u0119dza, kt\u00f3ry b\u0142ogos\u0142awi\u0142 ma\u0142\u017ce\u0144stwo, lub odpis \u015blubu konkordatowego z USC\/,<\/strong><\/li>\n<li><strong>zg\u0142aszaj\u0105cy podaj\u0105 r\u00f3wnie\u017c imiona i nazwiska rodzic\u00f3w chrzestnych i ich adresy zamieszkania.<\/strong><\/li>\n<\/ul>\n<\/div>\n<div style=\"text-align: justify;\">Chrztu \u015bwi\u0119tego udziela si\u0119 dziecku w parafii zamieszkania jego rodzic\u00f3w. Je\u017celi, z wa\u017cnych przyczyn rodzice zg\u0142aszaj\u0105c dziecko do chrztu w innej parafii, maj\u0105 w\u00f3wczas obowi\u0105zek przed\u0142o\u017cenia pisemnej zgody w\u0142asnego proboszcza na ten sakrament.<\/div>\n<div style=\"text-align: justify;\"><strong>Chrzestnym mo\u017ce by\u0107 osoba, kt\u00f3ra:<\/strong><\/div>\n<ul style=\"text-align: justify;\">\n<li>\n<div>uko\u0144czy\u0142a szesna\u015bcie lat,<\/div>\n<\/li>\n<li>\n<div>jest katolikiem wierz\u0105cym i praktykuj\u0105cym, tzn. jest ochrzczona, bierzmowana, przyst\u0119puje do sakramentu pokuty i do Komunii \u015bwi\u0119tej,<\/div>\n<\/li>\n<li>\n<div>jest wolna od kar kanonicznych, tzn., \u017ce \u017cycie ma\u0142\u017ce\u0144skie prowadzi zgodnie z nauk\u0105 Ko\u015bcio\u0142a, czyli \u017cyje w ma\u0142\u017ce\u0144stwie po zawarciu sakramentu ma\u0142\u017ce\u0144stwa; w wypadku ucznia wymagany jest udzia\u0142 w katechezie szkolnej,<\/div>\n<\/li>\n<li>\n<div>chrzestnymi dla dziecka&nbsp;<strong>nie mog\u0105<\/strong>&nbsp;by\u0107 jego rodzice,<\/div>\n<\/li>\n<li>\n<div>wymagane jest aby chrzestny osobi\u015bcie uczestniczy\u0142 w liturgii sakramentu; nie mo\u017ce by\u0107 zatem reprezentowany podczas obrz\u0119du przez pe\u0142nomocnika.<\/div>\n<\/li>\n<\/ul>\n<p style=\"text-align: justify;\"><strong>Chrzestni pochodz\u0105cy z innych parafii maj\u0105 obowi\u0105zek przed\u0142o\u017cenia za\u015bwiadczenia z w\u0142asnej parafii dopuszczaj\u0105cego ich do pe\u0142nienia funkcji chrzestnego.<\/strong><\/p>\n<div style=\"text-align: justify;\"><img decoding=\"async\" class=\"alignnone size-full wp-image-802\" src=\"https:\/\/www.stasiowka.pl\/wp-content\/uploads\/2024\/01\/bierzmowanie.png\" alt=\"\" width=\"250\" height=\"129\"><\/div>\n<p style=\"text-align: justify;\">Do Sakramentu Bierzmowania kandydaci wraz z rodzicami przygotowuj\u0105 si\u0119 przez uczestniczenie we Mszy \u015bw. i Nowennie do Ducha \u015awi\u0119tego.<\/p>\n<div style=\"text-align: justify;\"><img decoding=\"async\" class=\"alignnone size-full wp-image-807\" src=\"https:\/\/www.stasiowka.pl\/wp-content\/uploads\/2024\/01\/pokuta.png\" alt=\"\" width=\"250\" height=\"118\"><\/div>\n<p style=\"text-align: justify;\">\u015aroda przed I pi\u0105tkiem miesi\u0105ca godzin\u0119 przed Msz\u0105 \u015bwi\u0119t\u0105.&nbsp; W pozosta\u0142e dni p\u00f3\u0142 godziny przed ka\u017cd\u0105 Msz\u0105 \u015awi\u0119t\u0105.<\/p>\n<div style=\"text-align: justify;\"><img loading=\"lazy\" decoding=\"async\" class=\"alignnone size-full wp-image-805\" src=\"https:\/\/www.stasiowka.pl\/wp-content\/uploads\/2024\/01\/namaszczenie.png\" alt=\"\" width=\"250\" height=\"118\"><\/div>\n<div style=\"text-align: justify;\"><strong>W&nbsp; pierwszy pi\u0105tek miesi\u0105ca istnieje mo\u017cliwo\u015b\u0107 poproszenia kap\u0142ana z duszpasterska pos\u0142ug\u0105 sakramentaln\u0105 do chorego.<\/strong> Chorych zg\u0142aszamy w tygodniu poprzedzaj\u0105cym pierwszy pi\u0105tek.<\/div>\n<p style=\"text-align: justify;\">W nag\u0142ych przypadkach prosz\u0119 wzywa\u0107 kap\u0142ana o ka\u017cdej porze.<\/p>\n<div style=\"text-align: justify;\"><img loading=\"lazy\" decoding=\"async\" class=\"alignnone size-full wp-image-804\" src=\"https:\/\/www.stasiowka.pl\/wp-content\/uploads\/2024\/01\/malzenstwo.png\" alt=\"\" width=\"250\" height=\"97\"><\/div>\n<div style=\"text-align: justify;\">Narzeczeni zg\u0142aszaj\u0105 si\u0119 do kancelarii parafialnej najp\u00f3\u017aniej 3 miesi\u0105ce przed terminem \u015blubu. Prosz\u0119 wcze\u015bniej o kontakt z ks. proboszczem, aby ustali\u0107 dogodny termin.<br \/>\n<strong>Wymagane dokumenty<\/strong>:<\/div>\n<div style=\"text-align: justify;\">\n<ul>\n<li>Dowody to\u017csamo\u015bci obojga narzeczonych<\/li>\n<li>Metryka chrztu i bierzmowania je\u015bli chrzest mia\u0142 miejsce w innej parafii ni\u017c nasza<\/li>\n<li>\u015awiadectwo uko\u0144czenia Katechizacji Przedma\u0142\u017ce\u0144skiej<\/li>\n<li>\u015awiadectwo z ostatniej klasy Gimnazjum i Szko\u0142y Ponadgimnazjalnej ocena z religii<\/li>\n<li>Za\u015bwiadczenie z USC \/w 3 egz.\/ o braku przeszk\u00f3d do ma\u0142\u017ce\u0144stwa wg prawa cywilnego na drug\u0105 rozmow\u0119 w kancelarii.<\/li>\n<\/ul>\n<\/div>\n<div style=\"text-align: justify;\">W przypadku os\u00f3b po \u015blubie cywilnym akt zawarcia \u015blubu cywilnego<br \/>\nW przypadku wdowy lub wdowca akt zgonu wsp\u00f3\u0142ma\u0142\u017conka<\/div>\n<div style=\"text-align: justify;\">Po pierwszej rozmowie w kancelarii narzeczeni maja obowi\u0105zek uczestniczy\u0107 i dostarczy\u0107 potwierdzenie:<\/div>\n<div>\n<ul>\n<li style=\"text-align: justify;\">W dniu skupienia dla narzeczonych<\/li>\n<li style=\"text-align: justify;\">W spotkaniach w poradni rodzinnej<\/li>\n<li style=\"text-align: justify;\">Spowiedzi dla narzeczonych<\/li>\n<li style=\"text-align: justify;\">Za\u015bwiadczenie o wyg\u0142oszeniu zapowiedzi przedma\u0142\u017ce\u0144skich<\/li>\n<\/ul>\n<\/div>\n<\/div>\n","protected":false},"excerpt":{"rendered":"<p>Chrzest \u015awi\u0119ty udzielany jest w ka\u017cd\u0105 niedziel\u0119 w czasie Mszy \u015bwi\u0119tej.&nbsp; Pi\u0119tna\u015bcie minut wcze\u015bniej, chrzestni zg\u0142aszaj\u0105 si\u0119 do zakrystii w celu sprawdzenia dokument\u00f3w i z\u0142o\u017cenia podpis\u00f3w w ksi\u0119gach metrykalnych. Zg\u0142oszenie dziecka do chrztu odbywa si\u0119 w kancelarii parafialnej co najmniej tydzie\u0144 przed dat\u0105 chrztu. Przy zg\u0142oszeniu dziecka do chrztu, rodzice maj\u0105 obowi\u0105zek przed\u0142o\u017cy\u0107: akt urodzenia &hellip; <\/p>\n<p><a class=\"more-link btn\" href=\"https:\/\/www.stasiowka.pl\/?page_id=26\">Czytaj dalej<\/a><\/p>\n","protected":false},"author":1,"featured_media":0,"parent":0,"menu_order":0,"comment_status":"closed","ping_status":"closed","template":"","meta":{"ngg_post_thumbnail":0,"footnotes":""},"class_list":["post-26","page","type-page","status-publish","hentry","nodate","item-wrap"],"_links":{"self":[{"href":"https:\/\/www.stasiowka.pl\/index.php?rest_route=\/wp\/v2\/pages\/26","targetHints":{"allow":["GET"]}}],"collection":[{"href":"https:\/\/www.stasiowka.pl\/index.php?rest_route=\/wp\/v2\/pages"}],"about":[{"href":"https:\/\/www.stasiowka.pl\/index.php?rest_route=\/wp\/v2\/types\/page"}],"author":[{"embeddable":true,"href":"https:\/\/www.stasiowka.pl\/index.php?rest_route=\/wp\/v2\/users\/1"}],"replies":[{"embeddable":true,"href":"https:\/\/www.stasiowka.pl\/index.php?rest_route=%2Fwp%2Fv2%2Fcomments&post=26"}],"version-history":[{"count":9,"href":"https:\/\/www.stasiowka.pl\/index.php?rest_route=\/wp\/v2\/pages\/26\/revisions"}],"predecessor-version":[{"id":2921,"href":"https:\/\/www.stasiowka.pl\/index.php?rest_route=\/wp\/v2\/pages\/26\/revisions\/2921"}],"wp:attachment":[{"href":"https:\/\/www.stasiowka.pl\/index.php?rest_route=%2Fwp%2Fv2%2Fmedia&parent=26"}],"curies":[{"name":"wp","href":"https:\/\/api.w.org\/{rel}","templated":true}]}}