{"id":24,"date":"2024-01-18T18:35:32","date_gmt":"2024-01-18T18:35:32","guid":{"rendered":"https:\/\/www.stasiowka.pl\/?page_id=24"},"modified":"2025-05-21T18:47:13","modified_gmt":"2025-05-21T18:47:13","slug":"powolania","status":"publish","type":"page","link":"https:\/\/www.stasiowka.pl\/?page_id=24","title":{"rendered":"POWO\u0141ANIA"},"content":{"rendered":"<div><strong>Kap\u0142ani:<\/strong><\/div>\n<div>Ks. J\u00f3zef Czeka\u0144ski \u2013 Lubawka, d. legnicka (\u015bwi\u0119cenia kap\u0142a\u0144skie 25.05.1974 r., Wroc\u0142aw)<\/div>\n<div>Ks. Janusz Kruch MS \u2013 Couvin, Belgia (\u015bwi\u0119cenia kap\u0142a\u0144skie 14.05.1994 r.,&nbsp;D\u0119bowiec)<\/div>\n<div>Ks. Bogus\u0142aw Pociask SCJ \u2013 Florynka (\u015bwi\u0119cenia kap\u0142a\u0144skie 11.05.1996 r., Stadniki)<\/div>\n<div>&nbsp;<\/div>\n<div><strong>Bracia zakonni:<\/strong><\/div>\n<div>Br. J\u00f3zef Ragan SCJ \u2013 Zakopane (\u015bluby wieczyste 11.04.1999 r., Stadniki)<\/div>\n<p>&nbsp;<\/p>\n<div><strong>Siostry zakonne:<\/strong><\/div>\n<div>S. Krystyna Chmiel s\u0142. NMP NP \u2013 Warszawa (\u015bluby wieczyste 15.08.1989 r.)<\/div>\n<div>S. Adrianna Lucyna Kli\u015b s\u0142. BDNP (\u015bluby wieczyste 22.08.1990 r.)<\/div>\n<div>S. Janina Pucha\u0142a CSSJ (\u015bluby wieczyste 16.07.1960 r., + 17.10.2014 r.)<\/div>\n<div>S. Genowefa Ragan CSSJ (\u015bluby wieczyste 01.03.1981 r., + 29.11.2008 r.)<\/div>\n<div>S. Patryka Bogus\u0142awa Wodzie\u0144 CSSJ \u2013 Krak\u00f3w (\u015bluby wieczyste 26.07.2014 r.)<\/div>\n","protected":false},"excerpt":{"rendered":"<p>Kap\u0142ani: Ks. J\u00f3zef Czeka\u0144ski \u2013 Lubawka, d. legnicka (\u015bwi\u0119cenia kap\u0142a\u0144skie 25.05.1974 r., Wroc\u0142aw) Ks. Janusz Kruch MS \u2013 Couvin, Belgia (\u015bwi\u0119cenia kap\u0142a\u0144skie 14.05.1994 r.,&nbsp;D\u0119bowiec) Ks. Bogus\u0142aw Pociask SCJ \u2013 Florynka (\u015bwi\u0119cenia kap\u0142a\u0144skie 11.05.1996 r., Stadniki) &nbsp; Bracia zakonni: Br. J\u00f3zef Ragan SCJ \u2013 Zakopane (\u015bluby wieczyste 11.04.1999 r., Stadniki) &nbsp; Siostry zakonne: S. Krystyna Chmiel &hellip; <\/p>\n<p><a class=\"more-link btn\" href=\"https:\/\/www.stasiowka.pl\/?page_id=24\">Czytaj dalej<\/a><\/p>\n","protected":false},"author":1,"featured_media":0,"parent":0,"menu_order":0,"comment_status":"closed","ping_status":"closed","template":"","meta":{"ngg_post_thumbnail":0,"footnotes":""},"class_list":["post-24","page","type-page","status-publish","hentry","nodate","item-wrap"],"_links":{"self":[{"href":"https:\/\/www.stasiowka.pl\/index.php?rest_route=\/wp\/v2\/pages\/24","targetHints":{"allow":["GET"]}}],"collection":[{"href":"https:\/\/www.stasiowka.pl\/index.php?rest_route=\/wp\/v2\/pages"}],"about":[{"href":"https:\/\/www.stasiowka.pl\/index.php?rest_route=\/wp\/v2\/types\/page"}],"author":[{"embeddable":true,"href":"https:\/\/www.stasiowka.pl\/index.php?rest_route=\/wp\/v2\/users\/1"}],"replies":[{"embeddable":true,"href":"https:\/\/www.stasiowka.pl\/index.php?rest_route=%2Fwp%2Fv2%2Fcomments&post=24"}],"version-history":[{"count":3,"href":"https:\/\/www.stasiowka.pl\/index.php?rest_route=\/wp\/v2\/pages\/24\/revisions"}],"predecessor-version":[{"id":3518,"href":"https:\/\/www.stasiowka.pl\/index.php?rest_route=\/wp\/v2\/pages\/24\/revisions\/3518"}],"wp:attachment":[{"href":"https:\/\/www.stasiowka.pl\/index.php?rest_route=%2Fwp%2Fv2%2Fmedia&parent=24"}],"curies":[{"name":"wp","href":"https:\/\/api.w.org\/{rel}","templated":true}]}}